{"id":528,"date":"2022-01-12T07:53:07","date_gmt":"2022-01-12T06:53:07","guid":{"rendered":"https:\/\/studioostetricosalerno.it\/?page_id=528"},"modified":"2024-12-30T09:23:40","modified_gmt":"2024-12-30T08:23:40","slug":"coppia","status":"publish","type":"page","link":"https:\/\/studioostetricosalerno.it\/?page_id=528","title":{"rendered":"Coppia"},"content":{"rendered":"\t\t<div data-elementor-type=\"wp-page\" data-elementor-id=\"528\" class=\"elementor elementor-528\">\n\t\t\t\t\t\t<section class=\"elementor-section elementor-top-section elementor-element elementor-element-408a26ad elementor-section-content-middle elementor-section-full_width elementor-section-height-default elementor-section-height-default\" data-id=\"408a26ad\" data-element_type=\"section\">\n\t\t\t\t\t\t<div class=\"elementor-container elementor-column-gap-no\">\n\t\t\t\t\t<div class=\"elementor-column elementor-col-33 elementor-top-column elementor-element elementor-element-62f57465\" data-id=\"62f57465\" data-element_type=\"column\">\n\t\t\t<div class=\"elementor-widget-wrap elementor-element-populated\">\n\t\t\t\t\t\t<div class=\"elementor-element elementor-element-4c9cecc0 elementor-widget elementor-widget-text-editor\" data-id=\"4c9cecc0\" data-element_type=\"widget\" data-widget_type=\"text-editor.default\">\n\t\t\t\t<div class=\"elementor-widget-container\">\n\t\t\t\t\t\t\t\t\t<p>Counselor<\/p>\t\t\t\t\t\t\t\t<\/div>\n\t\t\t\t<\/div>\n\t\t\t\t<div class=\"elementor-element elementor-element-117df07f elementor-widget elementor-widget-heading\" data-id=\"117df07f\" data-element_type=\"widget\" data-widget_type=\"heading.default\">\n\t\t\t\t<div class=\"elementor-widget-container\">\n\t\t\t\t\t<h3 class=\"elementor-heading-title elementor-size-default\">Vita di Coppia<\/h3>\t\t\t\t<\/div>\n\t\t\t\t<\/div>\n\t\t\t\t<div class=\"elementor-element elementor-element-21d36fb4 elementor-widget-divider--view-line elementor-widget elementor-widget-divider\" data-id=\"21d36fb4\" data-element_type=\"widget\" data-widget_type=\"divider.default\">\n\t\t\t\t<div class=\"elementor-widget-container\">\n\t\t\t\t\t\t\t<div class=\"elementor-divider\">\n\t\t\t<span class=\"elementor-divider-separator\">\n\t\t\t\t\t\t<\/span>\n\t\t<\/div>\n\t\t\t\t\t\t<\/div>\n\t\t\t\t<\/div>\n\t\t\t\t\t<\/div>\n\t\t<\/div>\n\t\t\t\t<div class=\"elementor-column elementor-col-33 elementor-top-column elementor-element elementor-element-1e592cba\" data-id=\"1e592cba\" data-element_type=\"column\" data-settings=\"{&quot;background_background&quot;:&quot;classic&quot;}\">\n\t\t\t<div class=\"elementor-widget-wrap elementor-element-populated\">\n\t\t\t\t\t\t<div class=\"elementor-element elementor-element-19b23fab elementor-widget elementor-widget-image\" data-id=\"19b23fab\" data-element_type=\"widget\" data-widget_type=\"image.default\">\n\t\t\t\t<div class=\"elementor-widget-container\">\n\t\t\t\t\t\t\t\t\t\t\t\t\t\t\t<img fetchpriority=\"high\" decoding=\"async\" width=\"1200\" height=\"768\" src=\"https:\/\/studioostetricosalerno.it\/wp-content\/uploads\/2022\/01\/coppia1.jpg\" class=\"elementor-animation-grow attachment-full size-full wp-image-532\" alt=\"\" srcset=\"https:\/\/studioostetricosalerno.it\/wp-content\/uploads\/2022\/01\/coppia1.jpg 1200w, https:\/\/studioostetricosalerno.it\/wp-content\/uploads\/2022\/01\/coppia1-300x192.jpg 300w, https:\/\/studioostetricosalerno.it\/wp-content\/uploads\/2022\/01\/coppia1-1024x655.jpg 1024w, https:\/\/studioostetricosalerno.it\/wp-content\/uploads\/2022\/01\/coppia1-768x492.jpg 768w, https:\/\/studioostetricosalerno.it\/wp-content\/uploads\/2022\/01\/coppia1-600x384.jpg 600w\" sizes=\"(max-width: 1200px) 100vw, 1200px\" \/>\t\t\t\t\t\t\t\t\t\t\t\t\t\t\t<\/div>\n\t\t\t\t<\/div>\n\t\t\t\t<div class=\"elementor-element elementor-element-100891e9 elementor-widget elementor-widget-text-editor\" data-id=\"100891e9\" data-element_type=\"widget\" data-widget_type=\"text-editor.default\">\n\t\t\t\t<div class=\"elementor-widget-container\">\n\t\t\t\t\t\t\t\t\t<p>E se la monotonia trasformasse la vostra vita in un semplice &#8220;stare insieme&#8221; senza quella complicit\u00e0 che ha segnato il vostro voler essere &#8216;uno solo&#8217;?<br \/>Spesso pu\u00f2 bastare un semplice aiuto per tornare a vivere un rapporto sereno<\/p>\t\t\t\t\t\t\t\t<\/div>\n\t\t\t\t<\/div>\n\t\t\t\t\t<\/div>\n\t\t<\/div>\n\t\t\t\t<div class=\"elementor-column elementor-col-33 elementor-top-column elementor-element elementor-element-60db9e7b\" data-id=\"60db9e7b\" data-element_type=\"column\" data-settings=\"{&quot;background_background&quot;:&quot;classic&quot;}\">\n\t\t\t<div class=\"elementor-widget-wrap elementor-element-populated\">\n\t\t\t\t\t\t<div class=\"elementor-element elementor-element-66cae412 elementor-widget elementor-widget-text-editor\" data-id=\"66cae412\" data-element_type=\"widget\" data-widget_type=\"text-editor.default\">\n\t\t\t\t<div class=\"elementor-widget-container\">\n\t\t\t\t\t\t\t\t\t<p>Prendersi del tempo da trascorrere insieme, trovare dei punti di contatto nelle vostre vite che col tempo possono apparire &#8216;separate&#8217; sono degli spunti validi, ma saper ascoltare ed ascoltarsi rende una coppia SOLIDA.<\/p>\t\t\t\t\t\t\t\t<\/div>\n\t\t\t\t<\/div>\n\t\t\t\t<div class=\"elementor-element elementor-element-8c060b3 elementor-widget elementor-widget-image\" data-id=\"8c060b3\" data-element_type=\"widget\" data-widget_type=\"image.default\">\n\t\t\t\t<div class=\"elementor-widget-container\">\n\t\t\t\t\t\t\t\t\t\t\t\t\t\t\t<img decoding=\"async\" width=\"640\" height=\"480\" src=\"https:\/\/studioostetricosalerno.it\/wp-content\/uploads\/2022\/01\/coppia-1.jpg\" class=\"elementor-animation-grow attachment-full size-full wp-image-533\" alt=\"\" srcset=\"https:\/\/studioostetricosalerno.it\/wp-content\/uploads\/2022\/01\/coppia-1.jpg 640w, https:\/\/studioostetricosalerno.it\/wp-content\/uploads\/2022\/01\/coppia-1-300x225.jpg 300w, https:\/\/studioostetricosalerno.it\/wp-content\/uploads\/2022\/01\/coppia-1-600x450.jpg 600w\" sizes=\"(max-width: 640px) 100vw, 640px\" \/>\t\t\t\t\t\t\t\t\t\t\t\t\t\t\t<\/div>\n\t\t\t\t<\/div>\n\t\t\t\t\t<\/div>\n\t\t<\/div>\n\t\t\t\t\t<\/div>\n\t\t<\/section>\n\t\t\t\t<section class=\"elementor-section elementor-top-section elementor-element elementor-element-388bf101 elementor-section-content-middle elementor-reverse-mobile elementor-section-full_width elementor-section-height-default elementor-section-height-default\" data-id=\"388bf101\" data-element_type=\"section\">\n\t\t\t\t\t\t<div class=\"elementor-container elementor-column-gap-no\">\n\t\t\t\t\t<div class=\"elementor-column elementor-col-50 elementor-top-column elementor-element elementor-element-78364415\" data-id=\"78364415\" data-element_type=\"column\" data-settings=\"{&quot;background_background&quot;:&quot;classic&quot;}\">\n\t\t\t<div class=\"elementor-widget-wrap elementor-element-populated\">\n\t\t\t\t\t\t<div class=\"elementor-element elementor-element-5a410be7 elementor-widget elementor-widget-heading\" data-id=\"5a410be7\" data-element_type=\"widget\" data-widget_type=\"heading.default\">\n\t\t\t\t<div class=\"elementor-widget-container\">\n\t\t\t\t\t<h4 class=\"elementor-heading-title elementor-size-default\">Chi \u00e8 il Counselor?<\/h4>\t\t\t\t<\/div>\n\t\t\t\t<\/div>\n\t\t\t\t<div class=\"elementor-element elementor-element-44219093 elementor-widget elementor-widget-text-editor\" data-id=\"44219093\" data-element_type=\"widget\" data-widget_type=\"text-editor.default\">\n\t\t\t\t<div class=\"elementor-widget-container\">\n\t\t\t\t\t\t\t\t\t<p>Un Counselor di coppia mira a far comprendere le dinamiche della coppia.<br>Riesce a capire i limiti e le credenze apprese nel tempo che danneggiano il vostro rapporto al fine di scardinarle per creare un rapporto pi\u00f9 funzionale. <br>Un counselor prima di tutto ASCOLTA, te ed il partner, aiuta a ridefinire i ruoli, oppure rende pi\u00f9 immediata la comprensione dell&#8217;altro.<br>Lo stesso counselor pu\u00f2 essere uno strumento per assorbire e destabilizzare le situazioni conflittuali.&nbsp;<br>In una parola il counselor \u00e8 il tuo passaggio verso una migliore comprensione dell&#8217;altro<\/p>\t\t\t\t\t\t\t\t<\/div>\n\t\t\t\t<\/div>\n\t\t\t\t<div class=\"elementor-element elementor-element-a8c435d elementor-mobile-align-center elementor-widget elementor-widget-button\" data-id=\"a8c435d\" data-element_type=\"widget\" data-widget_type=\"button.default\">\n\t\t\t\t<div class=\"elementor-widget-container\">\n\t\t\t\t\t\t\t\t\t<div class=\"elementor-button-wrapper\">\n\t\t\t\t\t<a class=\"elementor-button elementor-button-link elementor-size-sm\" href=\"https:\/\/wa.me\/393382904565\">\n\t\t\t\t\t\t<span class=\"elementor-button-content-wrapper\">\n\t\t\t\t\t\t\t\t\t<span class=\"elementor-button-text\">Vuoi Saperne di pi\u00f9?<\/span>\n\t\t\t\t\t<\/span>\n\t\t\t\t\t<\/a>\n\t\t\t\t<\/div>\n\t\t\t\t\t\t\t\t<\/div>\n\t\t\t\t<\/div>\n\t\t\t\t\t<\/div>\n\t\t<\/div>\n\t\t\t\t<div class=\"elementor-column elementor-col-50 elementor-top-column elementor-element elementor-element-2303d698\" data-id=\"2303d698\" data-element_type=\"column\">\n\t\t\t<div class=\"elementor-widget-wrap elementor-element-populated\">\n\t\t\t\t\t\t<div class=\"elementor-element elementor-element-1c951a87 elementor-widget elementor-widget-image\" data-id=\"1c951a87\" data-element_type=\"widget\" data-widget_type=\"image.default\">\n\t\t\t\t<div class=\"elementor-widget-container\">\n\t\t\t\t\t\t\t\t\t\t\t\t\t\t\t<img decoding=\"async\" width=\"800\" height=\"600\" src=\"https:\/\/studioostetricosalerno.it\/wp-content\/uploads\/2022\/01\/coppia2.jpg\" class=\"attachment-full size-full wp-image-543\" alt=\"\" srcset=\"https:\/\/studioostetricosalerno.it\/wp-content\/uploads\/2022\/01\/coppia2.jpg 800w, https:\/\/studioostetricosalerno.it\/wp-content\/uploads\/2022\/01\/coppia2-300x225.jpg 300w, https:\/\/studioostetricosalerno.it\/wp-content\/uploads\/2022\/01\/coppia2-768x576.jpg 768w, https:\/\/studioostetricosalerno.it\/wp-content\/uploads\/2022\/01\/coppia2-600x450.jpg 600w\" sizes=\"(max-width: 800px) 100vw, 800px\" \/>\t\t\t\t\t\t\t\t\t\t\t\t\t\t\t<\/div>\n\t\t\t\t<\/div>\n\t\t\t\t\t<\/div>\n\t\t<\/div>\n\t\t\t\t\t<\/div>\n\t\t<\/section>\n\t\t\t\t<section class=\"elementor-section elementor-top-section elementor-element elementor-element-8bd6a6f elementor-section-full_width elementor-section-content-middle elementor-section-height-default elementor-section-height-default\" data-id=\"8bd6a6f\" data-element_type=\"section\" data-settings=\"{&quot;background_background&quot;:&quot;classic&quot;}\">\n\t\t\t\t\t\t<div class=\"elementor-container elementor-column-gap-no\">\n\t\t\t\t\t<div class=\"elementor-column elementor-col-50 elementor-top-column elementor-element elementor-element-5025fca6\" data-id=\"5025fca6\" data-element_type=\"column\" data-settings=\"{&quot;background_background&quot;:&quot;classic&quot;}\">\n\t\t\t<div class=\"elementor-widget-wrap elementor-element-populated\">\n\t\t\t\t\t<div class=\"elementor-background-overlay\"><\/div>\n\t\t\t\t\t\t<div class=\"elementor-element elementor-element-2af0cc6e elementor-widget elementor-widget-heading\" data-id=\"2af0cc6e\" data-element_type=\"widget\" data-widget_type=\"heading.default\">\n\t\t\t\t<div class=\"elementor-widget-container\">\n\t\t\t\t\t<h4 class=\"elementor-heading-title elementor-size-default\">Creati per  chi si ama<\/h4>\t\t\t\t<\/div>\n\t\t\t\t<\/div>\n\t\t\t\t\t<\/div>\n\t\t<\/div>\n\t\t\t\t<div class=\"elementor-column elementor-col-50 elementor-top-column elementor-element elementor-element-354db170\" data-id=\"354db170\" data-element_type=\"column\" data-settings=\"{&quot;background_background&quot;:&quot;classic&quot;}\">\n\t\t\t<div class=\"elementor-widget-wrap elementor-element-populated\">\n\t\t\t\t\t\t<div class=\"elementor-element elementor-element-6614e24 elementor-mobile-align-center elementor-widget elementor-widget-button\" data-id=\"6614e24\" data-element_type=\"widget\" data-widget_type=\"button.default\">\n\t\t\t\t<div class=\"elementor-widget-container\">\n\t\t\t\t\t\t\t\t\t<div class=\"elementor-button-wrapper\">\n\t\t\t\t\t<a class=\"elementor-button elementor-button-link elementor-size-sm\" href=\"https:\/\/wa.me\/393382904565\">\n\t\t\t\t\t\t<span class=\"elementor-button-content-wrapper\">\n\t\t\t\t\t\t\t\t\t<span class=\"elementor-button-text\">Chatta con noi<\/span>\n\t\t\t\t\t<\/span>\n\t\t\t\t\t<\/a>\n\t\t\t\t<\/div>\n\t\t\t\t\t\t\t\t<\/div>\n\t\t\t\t<\/div>\n\t\t\t\t<div class=\"elementor-element elementor-element-7442e5 elementor-widget elementor-widget-text-editor\" data-id=\"7442e5\" data-element_type=\"widget\" data-widget_type=\"text-editor.default\">\n\t\t\t\t<div class=\"elementor-widget-container\">\n\t\t\t\t\t\t\t\t\t<p>Il percorso di coppia che abbiamo creato per te rappresenta una novit\u00e0 assoluta nell&#8217;ambito del counseling familiare.<br \/>La consulenza (erogabile anche online) \u00e8 incentrata sugli obiettivi da raggiungere come coppia e non sulla risoluzione di uno specifico problema.<\/p>\t\t\t\t\t\t\t\t<\/div>\n\t\t\t\t<\/div>\n\t\t\t\t<div class=\"elementor-element elementor-element-4f6974ad elementor-widget elementor-widget-text-editor\" data-id=\"4f6974ad\" data-element_type=\"widget\" data-widget_type=\"text-editor.default\">\n\t\t\t\t<div class=\"elementor-widget-container\">\n\t\t\t\t\t\t\t\t\t<ul><li>Assistenza di coppia neo formata.<\/li><li>Assistenza di coppia problematica.<\/li><li>Assistenza di coppia con figli.<\/li><li>Assistenza di coppia nella separazione.<\/li><li>Assistenza di coppia nel tradimento.<\/li><li>Percorso: la coppia che non scoppia.<\/li><\/ul>\t\t\t\t\t\t\t\t<\/div>\n\t\t\t\t<\/div>\n\t\t\t\t<div class=\"elementor-element elementor-element-5860a82 elementor-mobile-align-center elementor-widget elementor-widget-button\" data-id=\"5860a82\" data-element_type=\"widget\" data-widget_type=\"button.default\">\n\t\t\t\t<div class=\"elementor-widget-container\">\n\t\t\t\t\t\t\t\t\t<div class=\"elementor-button-wrapper\">\n\t\t\t\t\t<a class=\"elementor-button elementor-button-link elementor-size-sm\" href=\"https:\/\/wa.me\/393382904565\">\n\t\t\t\t\t\t<span class=\"elementor-button-content-wrapper\">\n\t\t\t\t\t\t\t\t\t<span class=\"elementor-button-text\">Chatta con noi<\/span>\n\t\t\t\t\t<\/span>\n\t\t\t\t\t<\/a>\n\t\t\t\t<\/div>\n\t\t\t\t\t\t\t\t<\/div>\n\t\t\t\t<\/div>\n\t\t\t\t\t<\/div>\n\t\t<\/div>\n\t\t\t\t\t<\/div>\n\t\t<\/section>\n\t\t\t\t<section class=\"elementor-section elementor-top-section elementor-element elementor-element-0f849b6 elementor-section-boxed elementor-section-height-default elementor-section-height-default\" data-id=\"0f849b6\" data-element_type=\"section\">\n\t\t\t\t\t\t<div class=\"elementor-container elementor-column-gap-default\">\n\t\t\t\t\t<div class=\"elementor-column elementor-col-100 elementor-top-column elementor-element elementor-element-264f771\" data-id=\"264f771\" data-element_type=\"column\">\n\t\t\t<div class=\"elementor-widget-wrap elementor-element-populated\">\n\t\t\t\t\t\t<div class=\"elementor-element elementor-element-7ff2b25 elementor-widget elementor-widget-heading\" data-id=\"7ff2b25\" data-element_type=\"widget\" data-widget_type=\"heading.default\">\n\t\t\t\t<div class=\"elementor-widget-container\">\n\t\t\t\t\t<h3 class=\"elementor-heading-title elementor-size-default\">scopri Mewaby<\/h3>\t\t\t\t<\/div>\n\t\t\t\t<\/div>\n\t\t\t\t<div class=\"elementor-element elementor-element-4c7fb6c elementor-widget elementor-widget-heading\" data-id=\"4c7fb6c\" data-element_type=\"widget\" data-widget_type=\"heading.default\">\n\t\t\t\t<div class=\"elementor-widget-container\">\n\t\t\t\t\t<h4 class=\"elementor-heading-title elementor-size-default\">Il metodo delle coppie felici per vivere un amore autentico!<\/h4>\t\t\t\t<\/div>\n\t\t\t\t<\/div>\n\t\t\t\t<div class=\"elementor-element elementor-element-901ab18 elementor-align-center elementor-mobile-align-center elementor-widget elementor-widget-button\" data-id=\"901ab18\" data-element_type=\"widget\" data-widget_type=\"button.default\">\n\t\t\t\t<div class=\"elementor-widget-container\">\n\t\t\t\t\t\t\t\t\t<div class=\"elementor-button-wrapper\">\n\t\t\t\t\t<a class=\"elementor-button elementor-button-link elementor-size-md\" href=\"https:\/\/mewaby.it\/\">\n\t\t\t\t\t\t<span class=\"elementor-button-content-wrapper\">\n\t\t\t\t\t\t<span class=\"elementor-button-icon\">\n\t\t\t\t<i aria-hidden=\"true\" class=\"fas fa-angle-double-right\"><\/i>\t\t\t<\/span>\n\t\t\t\t\t\t\t\t\t<span class=\"elementor-button-text\">Clicca qui<\/span>\n\t\t\t\t\t<\/span>\n\t\t\t\t\t<\/a>\n\t\t\t\t<\/div>\n\t\t\t\t\t\t\t\t<\/div>\n\t\t\t\t<\/div>\n\t\t\t\t\t<\/div>\n\t\t<\/div>\n\t\t\t\t\t<\/div>\n\t\t<\/section>\n\t\t\t\t<\/div>\n\t\t","protected":false},"excerpt":{"rendered":"<p>Counselor Vita di Coppia E se la monotonia trasformasse la vostra vita in un semplice &#8220;stare insieme&#8221; senza quella complicit\u00e0 che ha segnato il vostro voler essere &#8216;uno solo&#8217;?Spesso pu\u00f2 bastare un semplice aiuto per tornare a vivere un rapporto sereno Prendersi del tempo da trascorrere insieme, trovare dei punti di contatto nelle vostre vite &hellip; <\/p>\n<p class=\"link-more\"><a href=\"https:\/\/studioostetricosalerno.it\/?page_id=528\" class=\"more-link\">Continue reading<span class=\"screen-reader-text\"> &#8220;Coppia&#8221;<\/span><\/a><\/p>\n","protected":false},"author":1,"featured_media":0,"parent":0,"menu_order":0,"comment_status":"closed","ping_status":"closed","template":"elementor_header_footer","meta":{"_regular_price":[],"currency_symbol":[],"_monsterinsights_skip_tracking":false,"_monsterinsights_sitenote_active":false,"_monsterinsights_sitenote_note":"","_monsterinsights_sitenote_category":0,"footnotes":""},"class_list":["post-528","page","type-page","status-publish","hentry"],"aioseo_notices":[],"post_slider_layout_featured_media_urls":{"thumbnail":"","post_slider_layout_landscape_large":"","post_slider_layout_portrait_large":"","post_slider_layout_square_large":"","post_slider_layout_landscape":"","post_slider_layout_portrait":"","post_slider_layout_square":"","full":""},"_links":{"self":[{"href":"https:\/\/studioostetricosalerno.it\/index.php?rest_route=\/wp\/v2\/pages\/528","targetHints":{"allow":["GET"]}}],"collection":[{"href":"https:\/\/studioostetricosalerno.it\/index.php?rest_route=\/wp\/v2\/pages"}],"about":[{"href":"https:\/\/studioostetricosalerno.it\/index.php?rest_route=\/wp\/v2\/types\/page"}],"author":[{"embeddable":true,"href":"https:\/\/studioostetricosalerno.it\/index.php?rest_route=\/wp\/v2\/users\/1"}],"replies":[{"embeddable":true,"href":"https:\/\/studioostetricosalerno.it\/index.php?rest_route=%2Fwp%2Fv2%2Fcomments&post=528"}],"version-history":[{"count":35,"href":"https:\/\/studioostetricosalerno.it\/index.php?rest_route=\/wp\/v2\/pages\/528\/revisions"}],"predecessor-version":[{"id":1722,"href":"https:\/\/studioostetricosalerno.it\/index.php?rest_route=\/wp\/v2\/pages\/528\/revisions\/1722"}],"wp:attachment":[{"href":"https:\/\/studioostetricosalerno.it\/index.php?rest_route=%2Fwp%2Fv2%2Fmedia&parent=528"}],"curies":[{"name":"wp","href":"https:\/\/api.w.org\/{rel}","templated":true}]}}