{"id":504,"date":"2022-01-12T06:05:30","date_gmt":"2022-01-12T05:05:30","guid":{"rendered":"https:\/\/studioostetricosalerno.it\/?page_id=504"},"modified":"2022-01-19T07:09:12","modified_gmt":"2022-01-19T06:09:12","slug":"puerperio","status":"publish","type":"page","link":"https:\/\/studioostetricosalerno.it\/?page_id=504","title":{"rendered":"Puerperio"},"content":{"rendered":"\t\t<div data-elementor-type=\"wp-page\" data-elementor-id=\"504\" class=\"elementor elementor-504\">\n\t\t\t\t\t\t<section class=\"elementor-section elementor-top-section elementor-element elementor-element-36d18d1 elementor-section-height-min-height elementor-section-items-stretch elementor-section-content-bottom elementor-reverse-tablet elementor-section-full_width elementor-section-height-default\" data-id=\"36d18d1\" data-element_type=\"section\" data-settings=\"{&quot;background_background&quot;:&quot;classic&quot;}\">\n\t\t\t\t\t\t<div class=\"elementor-container elementor-column-gap-no\">\n\t\t\t\t\t<div class=\"elementor-column elementor-col-50 elementor-top-column elementor-element elementor-element-7a7eb2c8\" data-id=\"7a7eb2c8\" data-element_type=\"column\">\n\t\t\t<div class=\"elementor-widget-wrap elementor-element-populated\">\n\t\t\t\t\t\t<div class=\"elementor-element elementor-element-44305ad7 elementor-hidden-mobile elementor-invisible elementor-widget elementor-widget-image\" data-id=\"44305ad7\" data-element_type=\"widget\" data-settings=\"{&quot;_animation&quot;:&quot;slideInDown&quot;}\" data-widget_type=\"image.default\">\n\t\t\t\t<div class=\"elementor-widget-container\">\n\t\t\t\t\t\t\t\t\t\t\t\t\t\t\t<img fetchpriority=\"high\" decoding=\"async\" width=\"225\" height=\"225\" src=\"https:\/\/studioostetricosalerno.it\/wp-content\/uploads\/2022\/01\/pp3.jpg\" class=\"attachment-large size-large wp-image-508\" alt=\"\" srcset=\"https:\/\/studioostetricosalerno.it\/wp-content\/uploads\/2022\/01\/pp3.jpg 225w, https:\/\/studioostetricosalerno.it\/wp-content\/uploads\/2022\/01\/pp3-150x150.jpg 150w, https:\/\/studioostetricosalerno.it\/wp-content\/uploads\/2022\/01\/pp3-100x100.jpg 100w\" sizes=\"(max-width: 225px) 100vw, 225px\" \/>\t\t\t\t\t\t\t\t\t\t\t\t\t\t\t<\/div>\n\t\t\t\t<\/div>\n\t\t\t\t\t<\/div>\n\t\t<\/div>\n\t\t\t\t<div class=\"elementor-column elementor-col-50 elementor-top-column elementor-element elementor-element-7873aa06\" data-id=\"7873aa06\" data-element_type=\"column\" data-settings=\"{&quot;background_background&quot;:&quot;classic&quot;}\">\n\t\t\t<div class=\"elementor-widget-wrap elementor-element-populated\">\n\t\t\t\t\t\t<div class=\"elementor-element elementor-element-5f3781fd elementor-invisible elementor-widget elementor-widget-heading\" data-id=\"5f3781fd\" data-element_type=\"widget\" data-settings=\"{&quot;_animation&quot;:&quot;fadeInUp&quot;,&quot;_animation_delay&quot;:200}\" data-widget_type=\"heading.default\">\n\t\t\t\t<div class=\"elementor-widget-container\">\n\t\t\t\t\t<h1 class=\"elementor-heading-title elementor-size-default\">La Donna<\/h1>\t\t\t\t<\/div>\n\t\t\t\t<\/div>\n\t\t\t\t<div class=\"elementor-element elementor-element-4b3f4f76 elementor-invisible elementor-widget elementor-widget-text-editor\" data-id=\"4b3f4f76\" data-element_type=\"widget\" data-settings=\"{&quot;_animation&quot;:&quot;fadeInUp&quot;,&quot;_animation_delay&quot;:400}\" data-widget_type=\"text-editor.default\">\n\t\t\t\t<div class=\"elementor-widget-container\">\n\t\t\t\t\t\t\t\t\t<p>che diventa Madre e rinasce insieme al proprio cucciolo. Un miracolo che nelle prime fasi ha bisogno di supporto, sostegno emotivo e pratico, presa di consapevolezza.<br \/>Essere madre \u00e8 meraviglioso se affrontato nel migliore dei modi<\/p>\t\t\t\t\t\t\t\t<\/div>\n\t\t\t\t<\/div>\n\t\t\t\t<div class=\"elementor-element elementor-element-27701e24 elementor-widget__width-initial elementor-widget-tablet__width-inherit elementor-widget-mobile__width-inherit elementor-absolute elementor-widget elementor-widget-spacer\" data-id=\"27701e24\" data-element_type=\"widget\" data-settings=\"{&quot;_position&quot;:&quot;absolute&quot;}\" data-widget_type=\"spacer.default\">\n\t\t\t\t<div class=\"elementor-widget-container\">\n\t\t\t\t\t\t\t<div class=\"elementor-spacer\">\n\t\t\t<div class=\"elementor-spacer-inner\"><\/div>\n\t\t<\/div>\n\t\t\t\t\t\t<\/div>\n\t\t\t\t<\/div>\n\t\t\t\t\t<\/div>\n\t\t<\/div>\n\t\t\t\t\t<\/div>\n\t\t<\/section>\n\t\t\t\t<section class=\"elementor-section elementor-top-section elementor-element elementor-element-680539ea elementor-section-height-min-height elementor-section-items-stretch elementor-section-content-middle elementor-section-full_width elementor-section-height-default\" data-id=\"680539ea\" data-element_type=\"section\" data-settings=\"{&quot;background_background&quot;:&quot;classic&quot;}\">\n\t\t\t\t\t\t<div class=\"elementor-container elementor-column-gap-no\">\n\t\t\t\t\t<div class=\"elementor-column elementor-col-100 elementor-top-column elementor-element elementor-element-41dd53f0\" data-id=\"41dd53f0\" data-element_type=\"column\" data-settings=\"{&quot;background_background&quot;:&quot;classic&quot;}\">\n\t\t\t<div class=\"elementor-widget-wrap elementor-element-populated\">\n\t\t\t\t\t\t<div class=\"elementor-element elementor-element-685d3b87 elementor-invisible elementor-widget elementor-widget-heading\" data-id=\"685d3b87\" data-element_type=\"widget\" data-settings=\"{&quot;_animation&quot;:&quot;fadeIn&quot;,&quot;_animation_delay&quot;:400}\" data-widget_type=\"heading.default\">\n\t\t\t\t<div class=\"elementor-widget-container\">\n\t\t\t\t\t<h2 class=\"elementor-heading-title elementor-size-default\">Il Neonato<\/h2>\t\t\t\t<\/div>\n\t\t\t\t<\/div>\n\t\t\t\t<div class=\"elementor-element elementor-element-7dd6176d elementor-invisible elementor-widget elementor-widget-text-editor\" data-id=\"7dd6176d\" data-element_type=\"widget\" data-settings=\"{&quot;_animation&quot;:&quot;fadeIn&quot;,&quot;_animation_delay&quot;:600}\" data-widget_type=\"text-editor.default\">\n\t\t\t\t<div class=\"elementor-widget-container\">\n\t\t\t\t\t\t\t\t\t<p>L&#8217;esperienza pi\u00f9 forte si mescola alla gioia pi\u00f9 grande generando il senso di responsabilit\u00e0 nei confronti della creazione, che d&#8217;un tratto rappresenta tutto il mondo conosciuto!<br \/>E&#8217; questo il miracolo pi\u00f9 grande, ma come prendersene cura?<br \/>Mille dubbi, preoccupazioni,\u00a0 ansie di non essere all&#8217;altezza affollano la tua mente, mentre il tuo corpo ha solo bisogno di riposo.<\/p>\t\t\t\t\t\t\t\t<\/div>\n\t\t\t\t<\/div>\n\t\t\t\t<div class=\"elementor-element elementor-element-77d9e6b2 elementor-invisible elementor-widget elementor-widget-text-editor\" data-id=\"77d9e6b2\" data-element_type=\"widget\" data-settings=\"{&quot;_animation&quot;:&quot;fadeIn&quot;,&quot;_animation_delay&quot;:600}\" data-widget_type=\"text-editor.default\">\n\t\t\t\t<div class=\"elementor-widget-container\">\n\t\t\t\t\t\t\t\t\t<p>Scopri il percorso &#8220;PUERPERIO&#8221; dedicato alle neomamme dello Studio Ostetrico Salerno<br \/>La nostra esperienza sar\u00e0 la tua migliore risorsa nel momento in cui ti serve di pi\u00f9!<br \/>Assistenza e Servizi creati su misura per te<\/p>\t\t\t\t\t\t\t\t<\/div>\n\t\t\t\t<\/div>\n\t\t\t\t\t<\/div>\n\t\t<\/div>\n\t\t\t\t\t<\/div>\n\t\t<\/section>\n\t\t\t\t<section class=\"elementor-section elementor-top-section elementor-element elementor-element-44fdf9fe elementor-section-full_width elementor-section-height-min-height elementor-section-items-stretch elementor-section-content-middle elementor-section-height-default\" data-id=\"44fdf9fe\" data-element_type=\"section\">\n\t\t\t\t\t\t<div class=\"elementor-container elementor-column-gap-no\">\n\t\t\t\t\t<div class=\"elementor-column elementor-col-100 elementor-top-column elementor-element elementor-element-550c38c5\" data-id=\"550c38c5\" data-element_type=\"column\">\n\t\t\t<div class=\"elementor-widget-wrap elementor-element-populated\">\n\t\t\t\t\t\t<div class=\"elementor-element elementor-element-6e6efb95 elementor-widget__width-auto elementor-absolute elementor-hidden-mobile elementor-invisible elementor-widget elementor-widget-image\" data-id=\"6e6efb95\" data-element_type=\"widget\" data-settings=\"{&quot;_animation&quot;:&quot;slideInLeft&quot;,&quot;_position&quot;:&quot;absolute&quot;}\" data-widget_type=\"image.default\">\n\t\t\t\t<div class=\"elementor-widget-container\">\n\t\t\t\t\t\t\t\t\t\t\t\t\t\t\t<img decoding=\"async\" width=\"640\" height=\"765\" src=\"https:\/\/studioostetricosalerno.it\/wp-content\/uploads\/2022\/01\/pp5-857x1024.jpg\" class=\"attachment-large size-large wp-image-513\" alt=\"\" srcset=\"https:\/\/studioostetricosalerno.it\/wp-content\/uploads\/2022\/01\/pp5-857x1024.jpg 857w, https:\/\/studioostetricosalerno.it\/wp-content\/uploads\/2022\/01\/pp5-251x300.jpg 251w, https:\/\/studioostetricosalerno.it\/wp-content\/uploads\/2022\/01\/pp5-768x918.jpg 768w, https:\/\/studioostetricosalerno.it\/wp-content\/uploads\/2022\/01\/pp5-600x717.jpg 600w, https:\/\/studioostetricosalerno.it\/wp-content\/uploads\/2022\/01\/pp5.jpg 1125w\" sizes=\"(max-width: 640px) 100vw, 640px\" \/>\t\t\t\t\t\t\t\t\t\t\t\t\t\t\t<\/div>\n\t\t\t\t<\/div>\n\t\t\t\t<section class=\"elementor-section elementor-inner-section elementor-element elementor-element-7594909f elementor-section-height-min-height elementor-section-content-middle elementor-section-boxed elementor-section-height-default\" data-id=\"7594909f\" data-element_type=\"section\" data-settings=\"{&quot;background_background&quot;:&quot;classic&quot;}\">\n\t\t\t\t\t\t<div class=\"elementor-container elementor-column-gap-no\">\n\t\t\t\t\t<div class=\"elementor-column elementor-col-100 elementor-inner-column elementor-element elementor-element-165b3fe0\" data-id=\"165b3fe0\" data-element_type=\"column\">\n\t\t\t<div class=\"elementor-widget-wrap elementor-element-populated\">\n\t\t\t\t\t\t<div class=\"elementor-element elementor-element-6ab17b2c elementor-invisible elementor-widget elementor-widget-heading\" data-id=\"6ab17b2c\" data-element_type=\"widget\" data-settings=\"{&quot;_animation&quot;:&quot;fadeIn&quot;}\" data-widget_type=\"heading.default\">\n\t\t\t\t<div class=\"elementor-widget-container\">\n\t\t\t\t\t<h2 class=\"elementor-heading-title elementor-size-default\">Per Te<\/h2>\t\t\t\t<\/div>\n\t\t\t\t<\/div>\n\t\t\t\t<div class=\"elementor-element elementor-element-c6cc245 elementor-invisible elementor-widget elementor-widget-text-editor\" data-id=\"c6cc245\" data-element_type=\"widget\" data-settings=\"{&quot;_animation&quot;:&quot;fadeIn&quot;,&quot;_animation_delay&quot;:200}\" data-widget_type=\"text-editor.default\">\n\t\t\t\t<div class=\"elementor-widget-container\">\n\t\t\t\t\t\t\t\t\t<ul><li>Monitoraggio del benessere materno e neonatale.<\/li><li><span style=\"font-size: 1rem;\">Assistenza allattamento al seno e relative problematiche: nodulo doloroso al seno, ragade, ingorgo, mastite, ostruzione dotto, arrossamento, vesciche.<\/span><\/li><li>Assistenza, con metodi naturali, per aumentare la produzione di latte; assistenza nell\u2019eccessiva produzione di latte.<\/li><li>Accompagnamento madre-figlio dell\u2019addio all\u2019allattamento al seno.<\/li><li>Assistenza all\u2019allattamento artificiale.<\/li><li>Assistenza alla medicazione del moncone ombelicale, bagnetto, detersione genitali, valutazione segni di crescita, posizioni ed attacco nell\u2019allattamento, l\u2019importanza del con-tatto.<\/li><li>Assistenza nella gestione del pianto e\/o del sonno del bambino.<\/li><li>Assistenza alla relazione madre-bambino e nell\u2019esaurimento dell\u2019energia vitale.<\/li><li>Assistenza allo svezzamento naturale del bambino.<\/li><li>Assistenza genitoriale nella gestione dell\u2019autonomia e sicurezza del bambino.<\/li><\/ul>\t\t\t\t\t\t\t\t<\/div>\n\t\t\t\t<\/div>\n\t\t\t\t<div class=\"elementor-element elementor-element-7a113699 elementor-mobile-align-center elementor-widget elementor-widget-button\" data-id=\"7a113699\" data-element_type=\"widget\" data-widget_type=\"button.default\">\n\t\t\t\t<div class=\"elementor-widget-container\">\n\t\t\t\t\t\t\t\t\t<div class=\"elementor-button-wrapper\">\n\t\t\t\t\t<a class=\"elementor-button elementor-button-link elementor-size-sm\" href=\"https:\/\/wa.me\/393382904565\">\n\t\t\t\t\t\t<span class=\"elementor-button-content-wrapper\">\n\t\t\t\t\t\t\t\t\t<span class=\"elementor-button-text\">Chatta con noi<\/span>\n\t\t\t\t\t<\/span>\n\t\t\t\t\t<\/a>\n\t\t\t\t<\/div>\n\t\t\t\t\t\t\t\t<\/div>\n\t\t\t\t<\/div>\n\t\t\t\t\t<\/div>\n\t\t<\/div>\n\t\t\t\t\t<\/div>\n\t\t<\/section>\n\t\t\t\t\t<\/div>\n\t\t<\/div>\n\t\t\t\t\t<\/div>\n\t\t<\/section>\n\t\t\t\t<\/div>\n\t\t","protected":false},"excerpt":{"rendered":"<p>La Donna che diventa Madre e rinasce insieme al proprio cucciolo. Un miracolo che nelle prime fasi ha bisogno di supporto, sostegno emotivo e pratico, presa di consapevolezza.Essere madre \u00e8 meraviglioso se affrontato nel migliore dei modi Il Neonato L&#8217;esperienza pi\u00f9 forte si mescola alla gioia pi\u00f9 grande generando il senso di responsabilit\u00e0 nei confronti &hellip; <\/p>\n<p class=\"link-more\"><a href=\"https:\/\/studioostetricosalerno.it\/?page_id=504\" class=\"more-link\">Continue reading<span class=\"screen-reader-text\"> &#8220;Puerperio&#8221;<\/span><\/a><\/p>\n","protected":false},"author":1,"featured_media":0,"parent":0,"menu_order":0,"comment_status":"closed","ping_status":"closed","template":"elementor_header_footer","meta":{"_regular_price":[],"currency_symbol":[],"_monsterinsights_skip_tracking":false,"_monsterinsights_sitenote_active":false,"_monsterinsights_sitenote_note":"","_monsterinsights_sitenote_category":0,"footnotes":""},"class_list":["post-504","page","type-page","status-publish","hentry"],"aioseo_notices":[],"post_slider_layout_featured_media_urls":{"thumbnail":"","post_slider_layout_landscape_large":"","post_slider_layout_portrait_large":"","post_slider_layout_square_large":"","post_slider_layout_landscape":"","post_slider_layout_portrait":"","post_slider_layout_square":"","full":""},"_links":{"self":[{"href":"https:\/\/studioostetricosalerno.it\/index.php?rest_route=\/wp\/v2\/pages\/504","targetHints":{"allow":["GET"]}}],"collection":[{"href":"https:\/\/studioostetricosalerno.it\/index.php?rest_route=\/wp\/v2\/pages"}],"about":[{"href":"https:\/\/studioostetricosalerno.it\/index.php?rest_route=\/wp\/v2\/types\/page"}],"author":[{"embeddable":true,"href":"https:\/\/studioostetricosalerno.it\/index.php?rest_route=\/wp\/v2\/users\/1"}],"replies":[{"embeddable":true,"href":"https:\/\/studioostetricosalerno.it\/index.php?rest_route=%2Fwp%2Fv2%2Fcomments&post=504"}],"version-history":[{"count":41,"href":"https:\/\/studioostetricosalerno.it\/index.php?rest_route=\/wp\/v2\/pages\/504\/revisions"}],"predecessor-version":[{"id":720,"href":"https:\/\/studioostetricosalerno.it\/index.php?rest_route=\/wp\/v2\/pages\/504\/revisions\/720"}],"wp:attachment":[{"href":"https:\/\/studioostetricosalerno.it\/index.php?rest_route=%2Fwp%2Fv2%2Fmedia&parent=504"}],"curies":[{"name":"wp","href":"https:\/\/api.w.org\/{rel}","templated":true}]}}