{"id":474,"date":"2022-01-11T09:20:18","date_gmt":"2022-01-11T08:20:18","guid":{"rendered":"https:\/\/studioostetricosalerno.it\/?page_id=474"},"modified":"2022-01-21T11:26:08","modified_gmt":"2022-01-21T10:26:08","slug":"gravidanza","status":"publish","type":"page","link":"https:\/\/studioostetricosalerno.it\/?page_id=474","title":{"rendered":"Gravidanza"},"content":{"rendered":"\t\t<div data-elementor-type=\"wp-page\" data-elementor-id=\"474\" class=\"elementor elementor-474\">\n\t\t\t\t\t\t<section class=\"elementor-section elementor-top-section elementor-element elementor-element-2aa22d75 elementor-section-height-min-height elementor-section-items-stretch elementor-section-content-bottom elementor-reverse-tablet elementor-section-full_width elementor-section-height-default\" data-id=\"2aa22d75\" data-element_type=\"section\" data-settings=\"{&quot;background_background&quot;:&quot;classic&quot;}\">\n\t\t\t\t\t\t<div class=\"elementor-container elementor-column-gap-no\">\n\t\t\t\t\t<div class=\"elementor-column elementor-col-50 elementor-top-column elementor-element elementor-element-3f068c68 elementor-hidden-mobile\" data-id=\"3f068c68\" data-element_type=\"column\">\n\t\t\t<div class=\"elementor-widget-wrap elementor-element-populated\">\n\t\t\t\t\t\t<div class=\"elementor-element elementor-element-6de98866 elementor-hidden-mobile elementor-invisible elementor-widget elementor-widget-image\" data-id=\"6de98866\" data-element_type=\"widget\" data-settings=\"{&quot;_animation&quot;:&quot;slideInDown&quot;}\" data-widget_type=\"image.default\">\n\t\t\t\t<div class=\"elementor-widget-container\">\n\t\t\t\t\t\t\t\t\t\t\t\t\t\t\t<img fetchpriority=\"high\" decoding=\"async\" width=\"300\" height=\"200\" src=\"https:\/\/studioostetricosalerno.it\/wp-content\/uploads\/2022\/01\/WhatsApp-Image-2022-01-19-at-12.20.48.jpeg\" class=\"attachment-large size-large wp-image-867\" alt=\"\" \/>\t\t\t\t\t\t\t\t\t\t\t\t\t\t\t<\/div>\n\t\t\t\t<\/div>\n\t\t\t\t\t<\/div>\n\t\t<\/div>\n\t\t\t\t<div class=\"elementor-column elementor-col-50 elementor-top-column elementor-element elementor-element-4efa95be\" data-id=\"4efa95be\" data-element_type=\"column\" data-settings=\"{&quot;background_background&quot;:&quot;classic&quot;}\">\n\t\t\t<div class=\"elementor-widget-wrap elementor-element-populated\">\n\t\t\t\t\t\t<div class=\"elementor-element elementor-element-170e4ab5 elementor-invisible elementor-widget elementor-widget-heading\" data-id=\"170e4ab5\" data-element_type=\"widget\" data-settings=\"{&quot;_animation&quot;:&quot;fadeInUp&quot;,&quot;_animation_delay&quot;:200}\" data-widget_type=\"heading.default\">\n\t\t\t\t<div class=\"elementor-widget-container\">\n\t\t\t\t\t<h1 class=\"elementor-heading-title elementor-size-default\">La Vita<\/h1>\t\t\t\t<\/div>\n\t\t\t\t<\/div>\n\t\t\t\t<div class=\"elementor-element elementor-element-2fb62bab elementor-invisible elementor-widget elementor-widget-text-editor\" data-id=\"2fb62bab\" data-element_type=\"widget\" data-settings=\"{&quot;_animation&quot;:&quot;fadeInUp&quot;,&quot;_animation_delay&quot;:400}\" data-widget_type=\"text-editor.default\">\n\t\t\t\t<div class=\"elementor-widget-container\">\n\t\t\t\t\t\t\t\t\t<p>La nascita \u00e8 l\u2019improvvisa apertura di una finestra, attraverso la quale ci si affaccia su di una prospettiva stupenda. Che cosa \u00e8 successo? Un miracolo. Hai scambiato il nulla con la possibilit\u00e0 del tutto.<\/p>\t\t\t\t\t\t\t\t<\/div>\n\t\t\t\t<\/div>\n\t\t\t\t<div class=\"elementor-element elementor-element-5b688b88 elementor-widget__width-initial elementor-widget-tablet__width-inherit elementor-widget-mobile__width-inherit elementor-absolute elementor-widget elementor-widget-spacer\" data-id=\"5b688b88\" data-element_type=\"widget\" data-settings=\"{&quot;_position&quot;:&quot;absolute&quot;}\" data-widget_type=\"spacer.default\">\n\t\t\t\t<div class=\"elementor-widget-container\">\n\t\t\t\t\t\t\t<div class=\"elementor-spacer\">\n\t\t\t<div class=\"elementor-spacer-inner\"><\/div>\n\t\t<\/div>\n\t\t\t\t\t\t<\/div>\n\t\t\t\t<\/div>\n\t\t\t\t\t<\/div>\n\t\t<\/div>\n\t\t\t\t\t<\/div>\n\t\t<\/section>\n\t\t\t\t<section class=\"elementor-section elementor-top-section elementor-element elementor-element-1f25ee94 elementor-section-height-min-height elementor-section-items-stretch elementor-section-content-middle elementor-section-full_width elementor-section-height-default\" data-id=\"1f25ee94\" data-element_type=\"section\" data-settings=\"{&quot;background_background&quot;:&quot;classic&quot;}\">\n\t\t\t\t\t\t<div class=\"elementor-container elementor-column-gap-no\">\n\t\t\t\t\t<div class=\"elementor-column elementor-col-100 elementor-top-column elementor-element elementor-element-61ea7593\" data-id=\"61ea7593\" data-element_type=\"column\" data-settings=\"{&quot;background_background&quot;:&quot;classic&quot;}\">\n\t\t\t<div class=\"elementor-widget-wrap elementor-element-populated\">\n\t\t\t\t\t\t<div class=\"elementor-element elementor-element-68973cc0 elementor-invisible elementor-widget elementor-widget-heading\" data-id=\"68973cc0\" data-element_type=\"widget\" data-settings=\"{&quot;_animation&quot;:&quot;fadeIn&quot;,&quot;_animation_delay&quot;:400}\" data-widget_type=\"heading.default\">\n\t\t\t\t<div class=\"elementor-widget-container\">\n\t\t\t\t\t<h2 class=\"elementor-heading-title elementor-size-default\">Alessandra<\/h2>\t\t\t\t<\/div>\n\t\t\t\t<\/div>\n\t\t\t\t<div class=\"elementor-element elementor-element-58645a7a elementor-invisible elementor-widget elementor-widget-text-editor\" data-id=\"58645a7a\" data-element_type=\"widget\" data-settings=\"{&quot;_animation&quot;:&quot;fadeIn&quot;,&quot;_animation_delay&quot;:600}\" data-widget_type=\"text-editor.default\">\n\t\t\t\t<div class=\"elementor-widget-container\">\n\t\t\t\t\t\t\t\t\t<p>Sar\u00f2 lieta di accompagnarti nel meraviglioso viaggio che porter\u00e0 alla nascita del tuo bambino.<br \/>Il mio metodo nascita \u00e8 UNICO e diverso da qualsiasi altra idea &#8216; di avvicinamento al parto&#8217; che tu possa mai avere.<br \/>E&#8217; fatto da un&#8217;avvicinamento al momento della nascita che tiene conto del tuo benessere come madre, l&#8217;unico che possa garantire una nascita rispettata a tuo figlio.<br \/>Un insieme di azioni, formazione, sapere che renderanno unica la tua gravidanza\u00a0<\/p>\t\t\t\t\t\t\t\t<\/div>\n\t\t\t\t<\/div>\n\t\t\t\t<div class=\"elementor-element elementor-element-3583412a elementor-invisible elementor-widget elementor-widget-image\" data-id=\"3583412a\" data-element_type=\"widget\" data-settings=\"{&quot;_animation&quot;:&quot;fadeIn&quot;,&quot;_animation_delay&quot;:800}\" data-widget_type=\"image.default\">\n\t\t\t\t<div class=\"elementor-widget-container\">\n\t\t\t\t\t\t\t\t\t\t\t\t\t\t\t<img decoding=\"async\" width=\"99\" height=\"107\" src=\"https:\/\/studioostetricosalerno.it\/wp-content\/uploads\/2022\/01\/chef-signature.svg\" class=\"attachment-large size-large wp-image-478\" alt=\"\" \/>\t\t\t\t\t\t\t\t\t\t\t\t\t\t\t<\/div>\n\t\t\t\t<\/div>\n\t\t\t\t\t<\/div>\n\t\t<\/div>\n\t\t\t\t\t<\/div>\n\t\t<\/section>\n\t\t\t\t<section class=\"elementor-section elementor-top-section elementor-element elementor-element-25cdaabe elementor-section-full_width elementor-section-height-min-height elementor-section-items-stretch elementor-section-content-middle elementor-section-height-default\" data-id=\"25cdaabe\" data-element_type=\"section\">\n\t\t\t\t\t\t<div class=\"elementor-container elementor-column-gap-no\">\n\t\t\t\t\t<div class=\"elementor-column elementor-col-100 elementor-top-column elementor-element elementor-element-6fed40de\" data-id=\"6fed40de\" data-element_type=\"column\">\n\t\t\t<div class=\"elementor-widget-wrap elementor-element-populated\">\n\t\t\t\t\t\t<div class=\"elementor-element elementor-element-59229afd elementor-widget__width-auto elementor-absolute elementor-hidden-mobile elementor-invisible elementor-widget elementor-widget-image\" data-id=\"59229afd\" data-element_type=\"widget\" data-settings=\"{&quot;_animation&quot;:&quot;slideInLeft&quot;,&quot;_position&quot;:&quot;absolute&quot;}\" data-widget_type=\"image.default\">\n\t\t\t\t<div class=\"elementor-widget-container\">\n\t\t\t\t\t\t\t\t\t\t\t\t\t\t\t<img decoding=\"async\" width=\"640\" height=\"480\" src=\"https:\/\/studioostetricosalerno.it\/wp-content\/uploads\/2022\/01\/gravid.png\" class=\"attachment-large size-large wp-image-489\" alt=\"\" srcset=\"https:\/\/studioostetricosalerno.it\/wp-content\/uploads\/2022\/01\/gravid.png 1024w, https:\/\/studioostetricosalerno.it\/wp-content\/uploads\/2022\/01\/gravid-300x225.png 300w, https:\/\/studioostetricosalerno.it\/wp-content\/uploads\/2022\/01\/gravid-768x576.png 768w, https:\/\/studioostetricosalerno.it\/wp-content\/uploads\/2022\/01\/gravid-600x450.png 600w\" sizes=\"(max-width: 640px) 100vw, 640px\" \/>\t\t\t\t\t\t\t\t\t\t\t\t\t\t\t<\/div>\n\t\t\t\t<\/div>\n\t\t\t\t<div class=\"elementor-element elementor-element-7b48081f elementor-widget__width-auto elementor-absolute elementor-invisible elementor-widget elementor-widget-image\" data-id=\"7b48081f\" data-element_type=\"widget\" data-settings=\"{&quot;_animation&quot;:&quot;slideInRight&quot;,&quot;_animation_delay&quot;:200,&quot;_position&quot;:&quot;absolute&quot;}\" data-widget_type=\"image.default\">\n\t\t\t\t<div class=\"elementor-widget-container\">\n\t\t\t\t\t\t\t\t\t\t\t\t\t\t\t<img loading=\"lazy\" decoding=\"async\" width=\"640\" height=\"567\" src=\"https:\/\/studioostetricosalerno.it\/wp-content\/uploads\/2022\/01\/gravidanza-maternita-aspettativa-donna-incinta-1024x907.jpg\" class=\"attachment-large size-large wp-image-487\" alt=\"\" srcset=\"https:\/\/studioostetricosalerno.it\/wp-content\/uploads\/2022\/01\/gravidanza-maternita-aspettativa-donna-incinta-1024x907.jpg 1024w, https:\/\/studioostetricosalerno.it\/wp-content\/uploads\/2022\/01\/gravidanza-maternita-aspettativa-donna-incinta-300x266.jpg 300w, https:\/\/studioostetricosalerno.it\/wp-content\/uploads\/2022\/01\/gravidanza-maternita-aspettativa-donna-incinta-768x680.jpg 768w, https:\/\/studioostetricosalerno.it\/wp-content\/uploads\/2022\/01\/gravidanza-maternita-aspettativa-donna-incinta-600x532.jpg 600w, https:\/\/studioostetricosalerno.it\/wp-content\/uploads\/2022\/01\/gravidanza-maternita-aspettativa-donna-incinta.jpg 1200w\" sizes=\"(max-width: 640px) 100vw, 640px\" \/>\t\t\t\t\t\t\t\t\t\t\t\t\t\t\t<\/div>\n\t\t\t\t<\/div>\n\t\t\t\t<section class=\"elementor-section elementor-inner-section elementor-element elementor-element-8cb3956 elementor-section-height-min-height elementor-section-content-middle elementor-section-boxed elementor-section-height-default\" data-id=\"8cb3956\" data-element_type=\"section\" data-settings=\"{&quot;background_background&quot;:&quot;classic&quot;}\">\n\t\t\t\t\t\t<div class=\"elementor-container elementor-column-gap-no\">\n\t\t\t\t\t<div class=\"elementor-column elementor-col-100 elementor-inner-column elementor-element elementor-element-7df82a35\" data-id=\"7df82a35\" data-element_type=\"column\">\n\t\t\t<div class=\"elementor-widget-wrap elementor-element-populated\">\n\t\t\t\t\t\t<div class=\"elementor-element elementor-element-152a0aa9 elementor-invisible elementor-widget elementor-widget-heading\" data-id=\"152a0aa9\" data-element_type=\"widget\" data-settings=\"{&quot;_animation&quot;:&quot;fadeIn&quot;}\" data-widget_type=\"heading.default\">\n\t\t\t\t<div class=\"elementor-widget-container\">\n\t\t\t\t\t<h2 class=\"elementor-heading-title elementor-size-default\">Per te<\/h2>\t\t\t\t<\/div>\n\t\t\t\t<\/div>\n\t\t\t\t<div class=\"elementor-element elementor-element-3edc10f elementor-invisible elementor-widget elementor-widget-text-editor\" data-id=\"3edc10f\" data-element_type=\"widget\" data-settings=\"{&quot;_animation&quot;:&quot;fadeIn&quot;,&quot;_animation_delay&quot;:200}\" data-widget_type=\"text-editor.default\">\n\t\t\t\t<div class=\"elementor-widget-container\">\n\t\t\t\t\t\t\t\t\t<p>I servizi creati per la tua gravidanza:<\/p><p>Assistenza ai 9 mesi di gravidanza.<\/p><p>Pap-test\/tamponi.<\/p><p>Tecniche di induzione naturali al travaglio.<\/p><p>Tecniche di rivolgimento podalico.<\/p><p>Tecniche di contenimento del dolore.<\/p><p>Corso di accompagnamento alla nascita.<\/p><p>Corso acquaticit\u00e0 in gravidanza.<\/p>\t\t\t\t\t\t\t\t<\/div>\n\t\t\t\t<\/div>\n\t\t\t\t<div class=\"elementor-element elementor-element-654b622f elementor-mobile-align-center elementor-widget elementor-widget-button\" data-id=\"654b622f\" data-element_type=\"widget\" data-widget_type=\"button.default\">\n\t\t\t\t<div class=\"elementor-widget-container\">\n\t\t\t\t\t\t\t\t\t<div class=\"elementor-button-wrapper\">\n\t\t\t\t\t<a class=\"elementor-button elementor-button-link elementor-size-sm\" href=\"https:\/\/wa.me\/393382904565\">\n\t\t\t\t\t\t<span class=\"elementor-button-content-wrapper\">\n\t\t\t\t\t\t\t\t\t<span class=\"elementor-button-text\">Chatta con noi<\/span>\n\t\t\t\t\t<\/span>\n\t\t\t\t\t<\/a>\n\t\t\t\t<\/div>\n\t\t\t\t\t\t\t\t<\/div>\n\t\t\t\t<\/div>\n\t\t\t\t\t<\/div>\n\t\t<\/div>\n\t\t\t\t\t<\/div>\n\t\t<\/section>\n\t\t\t\t\t<\/div>\n\t\t<\/div>\n\t\t\t\t\t<\/div>\n\t\t<\/section>\n\t\t\t\t<\/div>\n\t\t","protected":false},"excerpt":{"rendered":"<p>La Vita La nascita \u00e8 l\u2019improvvisa apertura di una finestra, attraverso la quale ci si affaccia su di una prospettiva stupenda. Che cosa \u00e8 successo? Un miracolo. Hai scambiato il nulla con la possibilit\u00e0 del tutto. Alessandra Sar\u00f2 lieta di accompagnarti nel meraviglioso viaggio che porter\u00e0 alla nascita del tuo bambino.Il mio metodo nascita \u00e8 &hellip; <\/p>\n<p class=\"link-more\"><a href=\"https:\/\/studioostetricosalerno.it\/?page_id=474\" class=\"more-link\">Continue reading<span class=\"screen-reader-text\"> &#8220;Gravidanza&#8221;<\/span><\/a><\/p>\n","protected":false},"author":1,"featured_media":0,"parent":0,"menu_order":0,"comment_status":"closed","ping_status":"closed","template":"elementor_header_footer","meta":{"_regular_price":[],"currency_symbol":[],"_monsterinsights_skip_tracking":false,"_monsterinsights_sitenote_active":false,"_monsterinsights_sitenote_note":"","_monsterinsights_sitenote_category":0,"footnotes":""},"class_list":["post-474","page","type-page","status-publish","hentry"],"aioseo_notices":[],"post_slider_layout_featured_media_urls":{"thumbnail":"","post_slider_layout_landscape_large":"","post_slider_layout_portrait_large":"","post_slider_layout_square_large":"","post_slider_layout_landscape":"","post_slider_layout_portrait":"","post_slider_layout_square":"","full":""},"_links":{"self":[{"href":"https:\/\/studioostetricosalerno.it\/index.php?rest_route=\/wp\/v2\/pages\/474","targetHints":{"allow":["GET"]}}],"collection":[{"href":"https:\/\/studioostetricosalerno.it\/index.php?rest_route=\/wp\/v2\/pages"}],"about":[{"href":"https:\/\/studioostetricosalerno.it\/index.php?rest_route=\/wp\/v2\/types\/page"}],"author":[{"embeddable":true,"href":"https:\/\/studioostetricosalerno.it\/index.php?rest_route=\/wp\/v2\/users\/1"}],"replies":[{"embeddable":true,"href":"https:\/\/studioostetricosalerno.it\/index.php?rest_route=%2Fwp%2Fv2%2Fcomments&post=474"}],"version-history":[{"count":40,"href":"https:\/\/studioostetricosalerno.it\/index.php?rest_route=\/wp\/v2\/pages\/474\/revisions"}],"predecessor-version":[{"id":870,"href":"https:\/\/studioostetricosalerno.it\/index.php?rest_route=\/wp\/v2\/pages\/474\/revisions\/870"}],"wp:attachment":[{"href":"https:\/\/studioostetricosalerno.it\/index.php?rest_route=%2Fwp%2Fv2%2Fmedia&parent=474"}],"curies":[{"name":"wp","href":"https:\/\/api.w.org\/{rel}","templated":true}]}}